{"id":3,"date":"2022-01-01T15:51:08","date_gmt":"2022-01-01T14:51:08","guid":{"rendered":"https:\/\/drgerzsenyi.hu\/?page_id=3"},"modified":"2022-01-22T17:49:20","modified_gmt":"2022-01-22T16:49:20","slug":"adatkezelesi-tajekoztato","status":"publish","type":"page","link":"https:\/\/drgerzsenyi.hu\/?page_id=3","title":{"rendered":"Adatkezel\u00e9si t\u00e1j\u00e9koztat\u00f3"},"content":{"rendered":"\t\t<div data-elementor-type=\"wp-page\" data-elementor-id=\"3\" class=\"elementor elementor-3\">\n\t\t\t\t\t\t<section class=\"elementor-section elementor-top-section elementor-element elementor-element-6a650aed elementor-section-boxed elementor-section-height-default elementor-section-height-default\" data-id=\"6a650aed\" data-element_type=\"section\">\n\t\t\t\t\t\t<div class=\"elementor-container elementor-column-gap-default\">\n\t\t\t\t\t<div class=\"elementor-column elementor-col-100 elementor-top-column elementor-element elementor-element-9918a20\" data-id=\"9918a20\" data-element_type=\"column\">\n\t\t\t<div class=\"elementor-widget-wrap elementor-element-populated\">\n\t\t\t\t\t\t<div class=\"elementor-element elementor-element-6b19d55 elementor-widget elementor-widget-button\" data-id=\"6b19d55\" data-element_type=\"widget\" data-widget_type=\"button.default\">\n\t\t\t\t<div class=\"elementor-widget-container\">\n\t\t\t\t\t\t\t\t\t<div class=\"elementor-button-wrapper\">\n\t\t\t\t\t<a class=\"elementor-button elementor-button-link elementor-size-sm\" href=\"http:\/\/drgerzsenyi.hu\">\n\t\t\t\t\t\t<span class=\"elementor-button-content-wrapper\">\n\t\t\t\t\t\t\t\t\t<span class=\"elementor-button-text\">Vissza<\/span>\n\t\t\t\t\t<\/span>\n\t\t\t\t\t<\/a>\n\t\t\t\t<\/div>\n\t\t\t\t\t\t\t\t<\/div>\n\t\t\t\t<\/div>\n\t\t\t\t<div class=\"elementor-element elementor-element-51d3997a elementor-widget elementor-widget-text-editor\" data-id=\"51d3997a\" data-element_type=\"widget\" data-widget_type=\"text-editor.default\">\n\t\t\t\t<div class=\"elementor-widget-container\">\n\t\t\t\t\t\t\t\t\t<p><\/p>\n<p><\/p>\n<p>A weboldalunk c\u00edme: https:\/\/drgerzsenyi.hu.<\/p>\n<p><strong>A weboldal \u00fczemeltet\u0151j\u00e9nek (a tov\u00e1bbiakban: adatkezel\u0151) adatai:<\/strong><\/p>\n<p><img decoding=\"async\" class=\"emoji\" role=\"img\" draggable=\"false\" src=\"https:\/\/s.w.org\/images\/core\/emoji\/13.1.0\/svg\/25aa.svg\" alt=\"\u25aa\" \/> N\u00e9v: Gerzsenyi \u00dcgyv\u00e9di Iroda<br \/><img decoding=\"async\" class=\"emoji\" role=\"img\" draggable=\"false\" src=\"https:\/\/s.w.org\/images\/core\/emoji\/13.1.0\/svg\/25aa.svg\" alt=\"\u25aa\" \/> Sz\u00e9khely: 1119 Budapest,\u00a0<br \/><img decoding=\"async\" class=\"emoji\" role=\"img\" draggable=\"false\" src=\"https:\/\/s.w.org\/images\/core\/emoji\/13.1.0\/svg\/25aa.svg\" alt=\"\u25aa\" \/> K\u00e9pviseli: Dr. Gerzsenyi Bianka<br \/><img decoding=\"async\" class=\"emoji\" role=\"img\" draggable=\"false\" src=\"https:\/\/s.w.org\/images\/core\/emoji\/13.1.0\/svg\/25aa.svg\" alt=\"\u25aa\" \/> E-mail c\u00edm: info@drgerzsenyi.hu<br \/><img decoding=\"async\" class=\"emoji\" role=\"img\" draggable=\"false\" src=\"https:\/\/s.w.org\/images\/core\/emoji\/13.1.0\/svg\/25aa.svg\" alt=\"\u25aa\" \/> Telefonsz\u00e1m: 06 20 241 0083<\/p>\n<p><strong>Az adatkezel\u00e9sre vonatkoz\u00f3 jogszab\u00e1lyok:<\/strong><\/p>\n<p><img decoding=\"async\" class=\"emoji\" role=\"img\" draggable=\"false\" src=\"https:\/\/s.w.org\/images\/core\/emoji\/13.1.0\/svg\/25aa.svg\" alt=\"\u25aa\" \/>Az Eur\u00f3pai Parlament \u00e9s a Tan\u00e1cs (Eu) 2016\/679 Rendelete (2016.04.27.) a term\u00e9szetes szem\u00e9lyeknek a szem\u00e9lyes adatok kezel\u00e9se tekintet\u00e9ben t\u00f6rt\u00e9n\u0151 v\u00e9delm\u00e9r\u0151l \u00e9s az ilyen adatok szabad \u00e1raml\u00e1s\u00e1r\u00f3l, valamint a 95\/46\/EK rendelet hat\u00e1lyon k\u00edv\u00fcl helyez\u00e9s\u00e9r\u0151l (a tov\u00e1bbiakban:\u00a0<a href=\"https:\/\/eur-lex.europa.eu\/legal-content\/HU\/TXT\/HTML\/?uri=CELEX:32016R0679&amp;from=HU\">GDPR<\/a>)<\/p>\n<p><img decoding=\"async\" class=\"emoji\" role=\"img\" draggable=\"false\" src=\"https:\/\/s.w.org\/images\/core\/emoji\/13.1.0\/svg\/25aa.svg\" alt=\"\u25aa\" \/>Az inform\u00e1ci\u00f3s \u00f6nrendelkez\u00e9si jogr\u00f3l \u00e9s az inform\u00e1ci\u00f3szabads\u00e1gr\u00f3l sz\u00f3l\u00f3 2011. \u00e9vi CXII. t\u00f6rv\u00e9ny (a tov\u00e1bbiakban: Infotv.).<\/p>\n<p>Az Adatkezel\u0151 az \u00e1ltala kezelt szem\u00e9lyes adatokat az Infotv., valamint a GDPR \u00e9s szab\u00e1lyainak megfelel\u0151en kezeli \u00e9s t\u00e1rolja.<br \/>Weboldalunk haszn\u00e1lat\u00e1val, valamint a szem\u00e9lyes adatokat tartalmaz\u00f3 e-mail k\u00fcld\u00e9s\u00e9vel az Adatkezel\u0151 \u00fcgyfelei jelen szab\u00e1lyzatot a weboldalra t\u00f6rt\u00e9n\u0151 bel\u00e9p\u00e9ssel \u00e9s az oldal haszn\u00e1lat\u00e1val magukra n\u00e9zve k\u00f6telez\u0151en elfogadj\u00e1k, mellyel hozz\u00e1j\u00e1rulnak a szem\u00e9lyes adataik gy\u0171jt\u00e9s\u00e9hez, kezel\u00e9s\u00e9hez, feldolgoz\u00e1s\u00e1hoz \u00e9s tov\u00e1bb\u00edt\u00e1s\u00e1hoz.<\/p>\n<p><\/p>\n<p><\/p>\n<p><\/p>\n<p><\/p>\n<p><\/p>\n<p><strong>A szem\u00e9lyes adatok kezel\u00e9s\u00e9nek jogalapja:<\/strong><\/p>\n<p>Az Adatkezel\u0151 szolg\u00e1ltat\u00e1sainak ig\u00e9nybev\u00e9tel\u00e9hez sz\u00fcks\u00e9ges adatkezel\u00e9s \u00f6nk\u00e9ntes hozz\u00e1j\u00e1rul\u00e1son alapul, melyet a Felhaszn\u00e1l\u00f3k a honlapon k\u00f6zvetlen \u00fczenetk\u00fcld\u00e9si funkci\u00f3j\u00e1t haszn\u00e1lva, a GDPR nyilatkozat elfogad\u00e1s\u00e1val adnak meg.<\/p>\n<p>A Felhaszn\u00e1l\u00f3k kiz\u00e1r\u00f3lag saj\u00e1t szem\u00e9lyes adataikat adhatj\u00e1k meg a honlapon. Amennyiben nem saj\u00e1t szem\u00e9lyes adataikat adj\u00e1k meg, az adatk\u00f6zl\u0151 szem\u00e9ly k\u00f6teless\u00e9ge az \u00e9rintett hozz\u00e1j\u00e1rul\u00e1s\u00e1nak beszerz\u00e9se.<\/p>\n<p><strong>A szem\u00e9lyes adatok kezel\u00e9s\u00e9nek c\u00e9lja:<\/strong><\/p>\n<p>Kapcsolattart\u00e1s a Felhaszn\u00e1l\u00f3k t\u00e1j\u00e9koztat\u00e1s\u00e1nak c\u00e9lj\u00e1val.<\/p>\n<p>A Felhaszn\u00e1l\u00f3 \u00e1ltal megadott szem\u00e9lyes adatokat az Adatkezel\u0151 kezeli, \u00e9s kiz\u00e1r\u00f3lag a fentiekben megjel\u00f6lt c\u00e9lokra haszn\u00e1lja fel. Az Adatkezel\u0151 a szem\u00e9lyes adatokat az adatkezel\u00e9s c\u00e9lj\u00e1nak fenn\u00e1ll\u00e1sa alatt, \u00edgy els\u0151sorban a v\u00e1laszad\u00e1s megt\u00f6rt\u00e9ig kezeli, illetve am\u00edg a Felhaszn\u00e1l\u00f3 nem k\u00e9ri az adatai t\u00f6rl\u00e9s\u00e9t, nem vonja vissza hozz\u00e1j\u00e1rul\u00e1s\u00e1t.<\/p>\n<p><strong>Az adatok megismer\u00e9s\u00e9nek \u00e9s t\u00f6rl\u00e9s\u00e9nek joga:<\/strong><\/p>\n<p>Az Adatkezel\u0151 a felhaszn\u00e1l\u00f3 \u00e1ltal megadott, illetve a s\u00fcti hozz\u00e1j\u00e1rul\u00e1sban elfogadott \u00a0szem\u00e9lyes adatok megismer\u00e9s\u00e9re a hat\u00e1lyos jogszab\u00e1lyok szerint jogosult.<\/p>\n<p>A Felhaszn\u00e1l\u00f3ra vonatkoz\u00f3 adatok t\u00f6rl\u00e9s\u00e9t a Felhaszn\u00e1l\u00f3 az info@drgerzsenyi.hu email c\u00edmen b\u00e1rmikor k\u00e9rheti.<\/p>\n<p><strong>Az adatok tov\u00e1bb\u00edt\u00e1sa:<\/strong><\/p>\n<p>Az Adatkezel\u0151 nem jogosult Harmadik szem\u00e9lyek r\u00e9sz\u00e9re a Felhaszn\u00e1l\u00f3k semmilyen adat\u00e1t kiadni, tov\u00e1bb\u00edtani. Weboldalunk nem v\u00e9gez Harmadik f\u00e9lnek t\u00f6rt\u00e9n\u0151 adattov\u00e1bb\u00edt\u00e1st.<\/p>\n<p><strong>K\u00f6zvetlen \u00fczenetk\u00fcld\u00e9s<\/strong><\/p>\n<p>A weboldal haszn\u00e1l\u00f3ja a kapcsolat men\u00fcpontban megfogalmazott adatkezel\u00e9si hozz\u00e1j\u00e1rul\u00e1s n\u00e9gyzet bejel\u00f6l\u00e9s\u00e9vel \u00e9s a k\u00fcld\u00e9s gomb megnyom\u00e1s\u00e1val elfogadja, hogy adatait a v\u00e1laszad\u00e1s \u00e9rdek\u00e9ben a GDPR \u00e9s az Infortv. rendelkez\u00e9sei szerint t\u00e1roljuk. Az abban tal\u00e1lhat\u00f3 inform\u00e1ci\u00f3k kezel\u00e9se tekintet\u00e9ben pedig az \u00fcgyv\u00e9di tev\u00e9kenys\u00e9gr\u0151l sz\u00f3l\u00f3 2017. \u00e9vi LXXVIII. T\u00f6rv\u00e9ny (a tov\u00e1bbiakban: \u00dctv.) rendelkez\u00e9sei ir\u00e1nyad\u00f3k.<\/p>\n<p>Weboldalunk a kapcsolat men\u00fcpont alatt el\u00e9rhet\u0151 \u00fczenetk\u00fcld\u00e9si \u0171rlapban megadottakon k\u00edv\u00fcl a Google reCAPTCHA szolg\u00e1ltat\u00e1sa gy\u0171jt adatokat a k\u00e9retlen tartalmak kisz\u0171r\u00e9se c\u00e9lj\u00e1b\u00f3l. A szolg\u00e1ltat\u00e1s a felhaszn\u00e1l\u00f3 g\u00e9pel\u00e9si mint\u00e1zat\u00e1t, a kattint\u00e1sok sz\u00e1m\u00e1t \u00e9s a b\u00f6ng\u00e9sz\u0151 alap\u00e9rtelmezett nyelv\u00e9t vizsg\u00e1lja a spam \u00fczenetek \u00e9s botok kiz\u00e1r\u00e1sa \u00e9rdek\u00e9ben.<\/p>\n<p>Az \u00fczenetk\u00fcld\u00e9s sor\u00e1n kezelt adatok k\u00f6re: n\u00e9v (csal\u00e1d- \u00e9s ut\u00f3n\u00e9v), e-mail c\u00edm, telefonos el\u00e9rhet\u0151s\u00e9g, a kapcsolatfelv\u00e9tel sor\u00e1n felt\u00e1rt egy\u00e9b szem\u00e9lyes adat, az el\u0151adott \u00fcgy le\u00edr\u00e1sa \u00e9s mik\u00e9nt t\u00f6rt\u00e9n\u0151 megold\u00e1s\u00e1val kapcsolatos inform\u00e1ci\u00f3, iratok, elektronikus dokumentumok.<\/p>\n<p><strong>S\u00fctik haszn\u00e1lata:<\/strong><\/p>\n<p><\/p>\n<p><\/p>\n<p><\/p>\n<p>A Weboldalon a s\u00fctik t\u00e1rol\u00e1sa a honlap megjelen\u00edt\u00e9se \u00e9rdek\u00e9ben t\u00f6rt\u00e9nik \u00e9s k\u00e9nyelmi c\u00e9lokat szolg\u00e1l. A s\u00fctik lej\u00e1rati ideje egy \u00e9v.<\/p>\n<p><\/p>\n<p><\/p>\n<p>A honlap \u2013 a Google Analytics seg\u00edts\u00e9g\u00e9vel \u2013 nem szem\u00e9lyhez k\u00f6t\u00f6tt inform\u00e1ci\u00f3kat automatikusan gy\u0171jt a l\u00e1togat\u00f3kr\u00f3l, \u00e9s ennek \u00e9rdek\u00e9ben cookie-kat (s\u00fctiket) k\u00fcld a l\u00e1togat\u00f3k sz\u00e1m\u00edt\u00f3g\u00e9p\u00e9re, amelyeket azok az \u00fajabb l\u00e1togat\u00e1skor visszak\u00fcldenek a honlapnak. Ezekb\u0151l az adatokb\u00f3l szem\u00e9lyes adat azonban nem nyerhet\u0151 ki. A Google Analytics tev\u00e9kenys\u00e9g\u00e9r\u0151l b\u0151vebben itt t\u00e1j\u00e9koz\u00f3dhat: https:\/\/policies.google.com\/privacy?hl=hu.<\/p>\n<p>Weboldalunk a s\u00fctik \u00e1ltal az \u00e9rintettr\u0151l, illetve az \u00e9rintett sz\u00e1m\u00edt\u00f3g\u00e9p\u00e9r\u0151l vagy egy\u00e9b b\u00f6ng\u00e9sz\u00e9sre haszn\u00e1lt eszk\u00f6z\u00e9r\u0151l a k\u00f6vetkez\u0151 adatokat r\u00f6gz\u00edti \u00e9s kezeli:<\/p>\n<p>Az \u00d6n \u00e1ltal haszn\u00e1lt IP-c\u00edm, a b\u00f6ng\u00e9sz\u0151 t\u00edpusa, a b\u00f6ng\u00e9sz\u00e9sre haszn\u00e1lt eszk\u00f6z oper\u00e1ci\u00f3s rendszer\u00e9nek jellemz\u0151i (p\u00e9ld\u00e1ul t\u00edpus, be\u00e1ll\u00edtott nyelv), a l\u00e1togat\u00e1s pontos id\u0151pontja, az el\u0151z\u0151leg l\u00e1togatott oldal c\u00edme, a megl\u00e1togatott oldal, aloldal, haszn\u00e1lt funkci\u00f3 vagy szolg\u00e1ltat\u00e1s, az oldalon t\u00f6lt\u00f6tt id\u0151.<\/p>\n<p>A weboldal \u00e1ltal r\u00f6gz\u00edtett s\u00fctik \u00f6nmagukban nem k\u00e9pesek a l\u00e1togat\u00f3 szem\u00e9ly k\u00f6zvetlen azonos\u00edt\u00e1s\u00e1ra.<\/p>\n<p><\/p>\n<p><\/p>\n<p><\/p>\n<p><\/p>\n<p><strong>Az adatok t\u00e1rol\u00e1s\u00e1nak id\u0151tartama:<\/strong><\/p>\n<p>Az Adatkezel\u0151 a adatokat az \u00fcgyint\u00e9shez, \u00edgy k\u00fcl\u00f6n\u00f6sen az aj\u00e1nlat megk\u00fcld\u00e9s\u00e9hez \u00e9s az egyeztet\u00e9sek lefolytat\u00e1s\u00e1hoz sz\u00fcks\u00e9ges ideig t\u00e1rolja.<\/p>\n<p><\/p>\n<p><\/p>\n<p><\/p>\n<p><strong>Az \u00e9rintett jogai a GDPR \u00e9s az Infotv. rendelkez\u00e9sei alapj\u00e1n:<\/strong><\/p>\n<p>a. k\u00e9relmezheti a r\u00e1 vonatkoz\u00f3 szem\u00e9lyes adatokkal kapcsolatos adatkezel\u00e9sr\u0151l val\u00f3 t\u00e1j\u00e9koztat\u00e1st, valamint az ezen szem\u00e9lyes adatokhoz val\u00f3 hozz\u00e1f\u00e9r\u00e9st,<\/p>\n<p>b. k\u00e9relmezheti azok helyesb\u00edt\u00e9s\u00e9t,<\/p>\n<p>c. k\u00e9relmezheti azok t\u00f6rl\u00e9s\u00e9t,<\/p>\n<p>d. k\u00e9relmezheti a szem\u00e9lyes adatok kezel\u00e9s\u00e9nek korl\u00e1toz\u00e1s\u00e1t,<\/p>\n<p>e. tiltakozhat a szem\u00e9lyes adatok kezel\u00e9se ellen,<\/p>\n<p>f. gyakorolhatja az adathordozhat\u00f3s\u00e1ghoz val\u00f3 jog\u00e1t. Ez ut\u00f3bbi jog \u00e9rtelm\u00e9ben az \u00e9rintett jogosult arra, hogy a r\u00e1 vonatkoz\u00f3 szem\u00e9lyes adatokat megkapja, tov\u00e1bb\u00e1 jogosult arra, hogy ezeket az adatokat k\u00e9r\u00e9s\u00e9re Adatkezel\u0151 egy m\u00e1sik adatkezel\u0151nek tov\u00e1bb\u00edtsa;<\/p>\n<p>g. jogorvoslathoz val\u00f3 jog\u00e1t. Az \u00e9rintett panaszt ny\u00fajthat be a Nemzeti Adatv\u00e9delmi \u00e9s Inform\u00e1ci\u00f3szabads\u00e1g Hat\u00f3s\u00e1ghoz (a tov\u00e1bbiakban: \u201eNAIH\u201d) vagy az illet\u00e9kes b\u00edr\u00f3s\u00e1ghoz fordulhat.<\/p>\n<p><\/p>\n<p><\/p>\n<p><\/p>\n<p>\u00a0<\/p>\n<p><\/p>\t\t\t\t\t\t\t\t<\/div>\n\t\t\t\t<\/div>\n\t\t\t\t\t<\/div>\n\t\t<\/div>\n\t\t\t\t\t<\/div>\n\t\t<\/section>\n\t\t\t\t<\/div>\n\t\t","protected":false},"excerpt":{"rendered":"<p>Vissza A weboldalunk c\u00edme: https:\/\/drgerzsenyi.hu. A weboldal \u00fczemeltet\u0151j\u00e9nek (a tov\u00e1bbiakban: adatkezel\u0151) adatai: N\u00e9v: Gerzsenyi \u00dcgyv\u00e9di Iroda Sz\u00e9khely: 1119 Budapest,\u00a0 K\u00e9pviseli: Dr. Gerzsenyi Bianka E-mail c\u00edm: info@drgerzsenyi.hu Telefonsz\u00e1m: 06 20 241 0083 Az adatkezel\u00e9sre vonatkoz\u00f3 jogszab\u00e1lyok: Az Eur\u00f3pai Parlament \u00e9s a Tan\u00e1cs (Eu) 2016\/679 Rendelete (2016.04.27.) a term\u00e9szetes szem\u00e9lyeknek a szem\u00e9lyes adatok kezel\u00e9se tekintet\u00e9ben t\u00f6rt\u00e9n\u0151 v\u00e9delm\u00e9r\u0151l &hellip;<\/p>\n<p class=\"read-more\"> <a class=\"\" href=\"https:\/\/drgerzsenyi.hu\/?page_id=3\"> <span class=\"screen-reader-text\">Adatkezel\u00e9si t\u00e1j\u00e9koztat\u00f3<\/span> Read More &raquo;<\/a><\/p>\n","protected":false},"author":1,"featured_media":0,"parent":475,"menu_order":2,"comment_status":"closed","ping_status":"closed","template":"elementor_header_footer","meta":{"site-sidebar-layout":"default","site-content-layout":"default","ast-global-header-display":"","ast-main-header-display":"disabled","ast-hfb-above-header-display":"","ast-hfb-below-header-display":"","ast-hfb-mobile-header-display":"","site-post-title":"disabled","ast-breadcrumbs-content":"","ast-featured-img":"","footer-sml-layout":"","theme-transparent-header-meta":"","adv-header-id-meta":"","stick-header-meta":"","header-above-stick-meta":"","header-main-stick-meta":"","header-below-stick-meta":"","footnotes":""},"class_list":["post-3","page","type-page","status-publish","hentry"],"yoast_head":"<!-- This site is optimized with the Yoast SEO plugin v25.3.1 - https:\/\/yoast.com\/wordpress\/plugins\/seo\/ -->\n<title>Adatkezel\u00e9si t\u00e1j\u00e9koztat\u00f3 - Gerzsenyi \u00dcgyv\u00e9di Iroda - Budapest<\/title>\n<meta name=\"robots\" content=\"index, follow, max-snippet:-1, max-image-preview:large, max-video-preview:-1\" \/>\n<link rel=\"canonical\" href=\"https:\/\/drgerzsenyi.hu\/?page_id=3\" \/>\n<meta property=\"og:locale\" content=\"hu_HU\" \/>\n<meta property=\"og:type\" content=\"article\" \/>\n<meta property=\"og:title\" content=\"Adatkezel\u00e9si t\u00e1j\u00e9koztat\u00f3 - Gerzsenyi \u00dcgyv\u00e9di Iroda - Budapest\" \/>\n<meta property=\"og:description\" content=\"Vissza A weboldalunk c\u00edme: https:\/\/drgerzsenyi.hu. A weboldal \u00fczemeltet\u0151j\u00e9nek (a tov\u00e1bbiakban: adatkezel\u0151) adatai: N\u00e9v: Gerzsenyi \u00dcgyv\u00e9di Iroda Sz\u00e9khely: 1119 Budapest,\u00a0 K\u00e9pviseli: Dr. Gerzsenyi Bianka E-mail c\u00edm: info@drgerzsenyi.hu Telefonsz\u00e1m: 06 20 241 0083 Az adatkezel\u00e9sre vonatkoz\u00f3 jogszab\u00e1lyok: Az Eur\u00f3pai Parlament \u00e9s a Tan\u00e1cs (Eu) 2016\/679 Rendelete (2016.04.27.) a term\u00e9szetes szem\u00e9lyeknek a szem\u00e9lyes adatok kezel\u00e9se tekintet\u00e9ben t\u00f6rt\u00e9n\u0151 v\u00e9delm\u00e9r\u0151l &hellip; Adatkezel\u00e9si t\u00e1j\u00e9koztat\u00f3 Read More &raquo;\" \/>\n<meta property=\"og:url\" content=\"https:\/\/drgerzsenyi.hu\/?page_id=3\" \/>\n<meta property=\"og:site_name\" content=\"Gerzsenyi \u00dcgyv\u00e9di Iroda - Budapest\" \/>\n<meta property=\"article:modified_time\" content=\"2022-01-22T16:49:20+00:00\" \/>\n<meta property=\"og:image\" content=\"https:\/\/s.w.org\/images\/core\/emoji\/13.1.0\/svg\/25aa.svg\" \/>\n<meta name=\"twitter:card\" content=\"summary_large_image\" \/>\n<meta name=\"twitter:label1\" content=\"Becs\u00fclt olvas\u00e1si id\u0151\" \/>\n\t<meta name=\"twitter:data1\" content=\"6 perc\" \/>\n<script type=\"application\/ld+json\" class=\"yoast-schema-graph\">{\"@context\":\"https:\/\/schema.org\",\"@graph\":[{\"@type\":\"WebPage\",\"@id\":\"https:\/\/drgerzsenyi.hu\/?page_id=3\",\"url\":\"https:\/\/drgerzsenyi.hu\/?page_id=3\",\"name\":\"Adatkezel\u00e9si t\u00e1j\u00e9koztat\u00f3 - Gerzsenyi \u00dcgyv\u00e9di Iroda - Budapest\",\"isPartOf\":{\"@id\":\"https:\/\/drgerzsenyi.hu\/#website\"},\"primaryImageOfPage\":{\"@id\":\"https:\/\/drgerzsenyi.hu\/?page_id=3#primaryimage\"},\"image\":{\"@id\":\"https:\/\/drgerzsenyi.hu\/?page_id=3#primaryimage\"},\"thumbnailUrl\":\"https:\/\/s.w.org\/images\/core\/emoji\/13.1.0\/svg\/25aa.svg\",\"datePublished\":\"2022-01-01T14:51:08+00:00\",\"dateModified\":\"2022-01-22T16:49:20+00:00\",\"breadcrumb\":{\"@id\":\"https:\/\/drgerzsenyi.hu\/?page_id=3#breadcrumb\"},\"inLanguage\":\"hu\",\"potentialAction\":[{\"@type\":\"ReadAction\",\"target\":[\"https:\/\/drgerzsenyi.hu\/?page_id=3\"]}]},{\"@type\":\"ImageObject\",\"inLanguage\":\"hu\",\"@id\":\"https:\/\/drgerzsenyi.hu\/?page_id=3#primaryimage\",\"url\":\"https:\/\/s.w.org\/images\/core\/emoji\/13.1.0\/svg\/25aa.svg\",\"contentUrl\":\"https:\/\/s.w.org\/images\/core\/emoji\/13.1.0\/svg\/25aa.svg\"},{\"@type\":\"BreadcrumbList\",\"@id\":\"https:\/\/drgerzsenyi.hu\/?page_id=3#breadcrumb\",\"itemListElement\":[{\"@type\":\"ListItem\",\"position\":1,\"name\":\"Kezd\u0151lap\",\"item\":\"https:\/\/drgerzsenyi.hu\/\"},{\"@type\":\"ListItem\",\"position\":2,\"name\":\"Gerzsenyi \u00dcgyv\u00e9di Iroda\",\"item\":\"https:\/\/drgerzsenyi.hu\/\"},{\"@type\":\"ListItem\",\"position\":3,\"name\":\"Adatkezel\u00e9si t\u00e1j\u00e9koztat\u00f3\"}]},{\"@type\":\"WebSite\",\"@id\":\"https:\/\/drgerzsenyi.hu\/#website\",\"url\":\"https:\/\/drgerzsenyi.hu\/\",\"name\":\"Gerzsenyi \u00dcgyv\u00e9di Iroda - Budapest\",\"description\":\"Kiemelten munka\u00fcgyi jogvit\u00e1kkal \u00e9s ingatlan\u00fcgyletekkel, szerz\u0151d\u00e9sekkel foglalkoz\u00f3 \u00fcgyv\u00e9di iroda.\",\"publisher\":{\"@id\":\"https:\/\/drgerzsenyi.hu\/#organization\"},\"potentialAction\":[{\"@type\":\"SearchAction\",\"target\":{\"@type\":\"EntryPoint\",\"urlTemplate\":\"https:\/\/drgerzsenyi.hu\/?s={search_term_string}\"},\"query-input\":{\"@type\":\"PropertyValueSpecification\",\"valueRequired\":true,\"valueName\":\"search_term_string\"}}],\"inLanguage\":\"hu\"},{\"@type\":\"Organization\",\"@id\":\"https:\/\/drgerzsenyi.hu\/#organization\",\"name\":\"Gerzsenyi \u00dcgyv\u00e9di Iroda\",\"url\":\"https:\/\/drgerzsenyi.hu\/\",\"logo\":{\"@type\":\"ImageObject\",\"inLanguage\":\"hu\",\"@id\":\"https:\/\/drgerzsenyi.hu\/#\/schema\/logo\/image\/\",\"url\":\"https:\/\/drgerzsenyi.hu\/wp-content\/uploads\/2022\/01\/LogoMakr-9Mx4Ab-300dpi-1.png\",\"contentUrl\":\"https:\/\/drgerzsenyi.hu\/wp-content\/uploads\/2022\/01\/LogoMakr-9Mx4Ab-300dpi-1.png\",\"width\":3972,\"height\":1183,\"caption\":\"Gerzsenyi \u00dcgyv\u00e9di Iroda\"},\"image\":{\"@id\":\"https:\/\/drgerzsenyi.hu\/#\/schema\/logo\/image\/\"}}]}<\/script>\n<!-- \/ Yoast SEO plugin. -->","yoast_head_json":{"title":"Adatkezel\u00e9si t\u00e1j\u00e9koztat\u00f3 - Gerzsenyi \u00dcgyv\u00e9di Iroda - Budapest","robots":{"index":"index","follow":"follow","max-snippet":"max-snippet:-1","max-image-preview":"max-image-preview:large","max-video-preview":"max-video-preview:-1"},"canonical":"https:\/\/drgerzsenyi.hu\/?page_id=3","og_locale":"hu_HU","og_type":"article","og_title":"Adatkezel\u00e9si t\u00e1j\u00e9koztat\u00f3 - Gerzsenyi \u00dcgyv\u00e9di Iroda - Budapest","og_description":"Vissza A weboldalunk c\u00edme: https:\/\/drgerzsenyi.hu. A weboldal \u00fczemeltet\u0151j\u00e9nek (a tov\u00e1bbiakban: adatkezel\u0151) adatai: N\u00e9v: Gerzsenyi \u00dcgyv\u00e9di Iroda Sz\u00e9khely: 1119 Budapest,\u00a0 K\u00e9pviseli: Dr. Gerzsenyi Bianka E-mail c\u00edm: info@drgerzsenyi.hu Telefonsz\u00e1m: 06 20 241 0083 Az adatkezel\u00e9sre vonatkoz\u00f3 jogszab\u00e1lyok: Az Eur\u00f3pai Parlament \u00e9s a Tan\u00e1cs (Eu) 2016\/679 Rendelete (2016.04.27.) a term\u00e9szetes szem\u00e9lyeknek a szem\u00e9lyes adatok kezel\u00e9se tekintet\u00e9ben t\u00f6rt\u00e9n\u0151 v\u00e9delm\u00e9r\u0151l &hellip; Adatkezel\u00e9si t\u00e1j\u00e9koztat\u00f3 Read More &raquo;","og_url":"https:\/\/drgerzsenyi.hu\/?page_id=3","og_site_name":"Gerzsenyi \u00dcgyv\u00e9di Iroda - Budapest","article_modified_time":"2022-01-22T16:49:20+00:00","og_image":[{"url":"https:\/\/s.w.org\/images\/core\/emoji\/13.1.0\/svg\/25aa.svg","type":"","width":"","height":""}],"twitter_card":"summary_large_image","twitter_misc":{"Becs\u00fclt olvas\u00e1si id\u0151":"6 perc"},"schema":{"@context":"https:\/\/schema.org","@graph":[{"@type":"WebPage","@id":"https:\/\/drgerzsenyi.hu\/?page_id=3","url":"https:\/\/drgerzsenyi.hu\/?page_id=3","name":"Adatkezel\u00e9si t\u00e1j\u00e9koztat\u00f3 - Gerzsenyi \u00dcgyv\u00e9di Iroda - Budapest","isPartOf":{"@id":"https:\/\/drgerzsenyi.hu\/#website"},"primaryImageOfPage":{"@id":"https:\/\/drgerzsenyi.hu\/?page_id=3#primaryimage"},"image":{"@id":"https:\/\/drgerzsenyi.hu\/?page_id=3#primaryimage"},"thumbnailUrl":"https:\/\/s.w.org\/images\/core\/emoji\/13.1.0\/svg\/25aa.svg","datePublished":"2022-01-01T14:51:08+00:00","dateModified":"2022-01-22T16:49:20+00:00","breadcrumb":{"@id":"https:\/\/drgerzsenyi.hu\/?page_id=3#breadcrumb"},"inLanguage":"hu","potentialAction":[{"@type":"ReadAction","target":["https:\/\/drgerzsenyi.hu\/?page_id=3"]}]},{"@type":"ImageObject","inLanguage":"hu","@id":"https:\/\/drgerzsenyi.hu\/?page_id=3#primaryimage","url":"https:\/\/s.w.org\/images\/core\/emoji\/13.1.0\/svg\/25aa.svg","contentUrl":"https:\/\/s.w.org\/images\/core\/emoji\/13.1.0\/svg\/25aa.svg"},{"@type":"BreadcrumbList","@id":"https:\/\/drgerzsenyi.hu\/?page_id=3#breadcrumb","itemListElement":[{"@type":"ListItem","position":1,"name":"Kezd\u0151lap","item":"https:\/\/drgerzsenyi.hu\/"},{"@type":"ListItem","position":2,"name":"Gerzsenyi \u00dcgyv\u00e9di Iroda","item":"https:\/\/drgerzsenyi.hu\/"},{"@type":"ListItem","position":3,"name":"Adatkezel\u00e9si t\u00e1j\u00e9koztat\u00f3"}]},{"@type":"WebSite","@id":"https:\/\/drgerzsenyi.hu\/#website","url":"https:\/\/drgerzsenyi.hu\/","name":"Gerzsenyi \u00dcgyv\u00e9di Iroda - Budapest","description":"Kiemelten munka\u00fcgyi jogvit\u00e1kkal \u00e9s ingatlan\u00fcgyletekkel, szerz\u0151d\u00e9sekkel foglalkoz\u00f3 \u00fcgyv\u00e9di iroda.","publisher":{"@id":"https:\/\/drgerzsenyi.hu\/#organization"},"potentialAction":[{"@type":"SearchAction","target":{"@type":"EntryPoint","urlTemplate":"https:\/\/drgerzsenyi.hu\/?s={search_term_string}"},"query-input":{"@type":"PropertyValueSpecification","valueRequired":true,"valueName":"search_term_string"}}],"inLanguage":"hu"},{"@type":"Organization","@id":"https:\/\/drgerzsenyi.hu\/#organization","name":"Gerzsenyi \u00dcgyv\u00e9di Iroda","url":"https:\/\/drgerzsenyi.hu\/","logo":{"@type":"ImageObject","inLanguage":"hu","@id":"https:\/\/drgerzsenyi.hu\/#\/schema\/logo\/image\/","url":"https:\/\/drgerzsenyi.hu\/wp-content\/uploads\/2022\/01\/LogoMakr-9Mx4Ab-300dpi-1.png","contentUrl":"https:\/\/drgerzsenyi.hu\/wp-content\/uploads\/2022\/01\/LogoMakr-9Mx4Ab-300dpi-1.png","width":3972,"height":1183,"caption":"Gerzsenyi \u00dcgyv\u00e9di Iroda"},"image":{"@id":"https:\/\/drgerzsenyi.hu\/#\/schema\/logo\/image\/"}}]}},"_links":{"self":[{"href":"https:\/\/drgerzsenyi.hu\/index.php?rest_route=\/wp\/v2\/pages\/3","targetHints":{"allow":["GET"]}}],"collection":[{"href":"https:\/\/drgerzsenyi.hu\/index.php?rest_route=\/wp\/v2\/pages"}],"about":[{"href":"https:\/\/drgerzsenyi.hu\/index.php?rest_route=\/wp\/v2\/types\/page"}],"author":[{"embeddable":true,"href":"https:\/\/drgerzsenyi.hu\/index.php?rest_route=\/wp\/v2\/users\/1"}],"replies":[{"embeddable":true,"href":"https:\/\/drgerzsenyi.hu\/index.php?rest_route=%2Fwp%2Fv2%2Fcomments&post=3"}],"version-history":[{"count":40,"href":"https:\/\/drgerzsenyi.hu\/index.php?rest_route=\/wp\/v2\/pages\/3\/revisions"}],"predecessor-version":[{"id":1163,"href":"https:\/\/drgerzsenyi.hu\/index.php?rest_route=\/wp\/v2\/pages\/3\/revisions\/1163"}],"up":[{"embeddable":true,"href":"https:\/\/drgerzsenyi.hu\/index.php?rest_route=\/wp\/v2\/pages\/475"}],"wp:attachment":[{"href":"https:\/\/drgerzsenyi.hu\/index.php?rest_route=%2Fwp%2Fv2%2Fmedia&parent=3"}],"curies":[{"name":"wp","href":"https:\/\/api.w.org\/{rel}","templated":true}]}}